{"id":98,"date":"2020-07-06T16:41:02","date_gmt":"2020-07-06T21:41:02","guid":{"rendered":"https:\/\/www.sfucolombia.org\/?page_id=98"},"modified":"2023-08-29T17:46:07","modified_gmt":"2023-08-29T22:46:07","slug":"el-futbol-sin-fronteras","status":"publish","type":"page","link":"https:\/\/www.sfucolombia.org\/en\/el-futbol-sin-fronteras\/","title":{"rendered":""},"content":{"rendered":"<div class=\"wp-block-group alignfull\"><div class=\"wp-block-group__inner-container is-layout-constrained wp-block-group-is-layout-constrained\">\n<div class=\"wp-block-cover alignfull is-light\" style=\"padding-top:var(--wp--preset--spacing--30);padding-right:var(--wp--preset--spacing--30);padding-bottom:var(--wp--preset--spacing--30);padding-left:var(--wp--preset--spacing--30);min-height:50px;aspect-ratio:unset;\"><span aria-hidden=\"true\" class=\"wp-block-cover__background has-black-background-color has-background-dim\"><\/span><img loading=\"lazy\" decoding=\"async\" width=\"2560\" height=\"1920\" class=\"wp-block-cover__image-background wp-image-6391\" alt=\"\" src=\"https:\/\/www.sfucolombia.org\/wp-content\/uploads\/2023\/08\/Edited_Baseball-scaled.jpg\" data-object-fit=\"cover\" srcset=\"https:\/\/www.sfucolombia.org\/wp-content\/uploads\/2023\/08\/Edited_Baseball-scaled.jpg 2560w, https:\/\/www.sfucolombia.org\/wp-content\/uploads\/2023\/08\/Edited_Baseball-300x225.jpg 300w, https:\/\/www.sfucolombia.org\/wp-content\/uploads\/2023\/08\/Edited_Baseball-800x600.jpg 800w, https:\/\/www.sfucolombia.org\/wp-content\/uploads\/2023\/08\/Edited_Baseball-768x576.jpg 768w, https:\/\/www.sfucolombia.org\/wp-content\/uploads\/2023\/08\/Edited_Baseball-1536x1152.jpg 1536w, https:\/\/www.sfucolombia.org\/wp-content\/uploads\/2023\/08\/Edited_Baseball-2048x1536.jpg 2048w, https:\/\/www.sfucolombia.org\/wp-content\/uploads\/2023\/08\/Edited_Baseball-16x12.jpg 16w\" sizes=\"auto, (max-width: 2560px) 100vw, 2560px\" \/><div class=\"wp-block-cover__inner-container is-layout-flow wp-block-cover-is-layout-flow\">\n<div class=\"wp-block-group alignwide has-base-color has-text-color has-link-color wp-elements-71cde7a00c748e105ff8192e34eda8de is-content-justification-space-between is-layout-flex wp-container-core-group-is-layout-afc22aa2 wp-block-group-is-layout-flex\" style=\"margin-top:0;margin-bottom:0\">\n<div class=\"wp-block-group is-layout-flex wp-block-group-is-layout-flex\"><div class=\"is-default-size is-style-default wp-block-site-logo\"><a href=\"https:\/\/www.sfucolombia.org\/en\/\" class=\"custom-logo-link\" rel=\"home\"><img loading=\"lazy\" decoding=\"async\" width=\"121\" height=\"129\" src=\"https:\/\/www.sfucolombia.org\/wp-content\/uploads\/2020\/08\/logo.png\" class=\"custom-logo\" alt=\"Logo South Fork United\" srcset=\"https:\/\/www.sfucolombia.org\/wp-content\/uploads\/2020\/08\/logo.png 121w, https:\/\/www.sfucolombia.org\/wp-content\/uploads\/2020\/08\/logo-60x64.png 60w\" sizes=\"auto, (max-width: 121px) 100vw, 121px\" \/><\/a><\/div>\n\n<h1 class=\"has-link-color wp-elements-e24c80986e13ab3d929b38d6b46e3019 wp-block-site-title has-text-color has-white-color has-medium-font-size\"><a href=\"https:\/\/www.sfucolombia.org\/en\" target=\"_self\" rel=\"home\">SFU Colombia<\/a><\/h1><\/div>\n\n\n<nav class=\"has-text-color has-white-color is-responsive items-justified-right wp-block-navigation is-content-justification-right is-layout-flex wp-container-core-navigation-is-layout-3817c3ed wp-block-navigation-is-layout-flex\" aria-label=\"Menu\" \n\t\t data-wp-interactive=\"core\/navigation\" data-wp-context='{\"overlayOpenedBy\":{\"click\":false,\"hover\":false,\"focus\":false},\"type\":\"overlay\",\"roleAttribute\":\"\",\"ariaLabel\":\"Menu\"}'><button aria-haspopup=\"dialog\" aria-label=\"Open menu\" class=\"wp-block-navigation__responsive-container-open\" \n\t\t\t\tdata-wp-on--click=\"actions.openMenuOnClick\"\n\t\t\t\tdata-wp-on--keydown=\"actions.handleMenuKeydown\"\n\t\t\t><svg width=\"24\" height=\"24\" xmlns=\"http:\/\/www.w3.org\/2000\/svg\" viewbox=\"0 0 24 24\" aria-hidden=\"true\" focusable=\"false\"><path d=\"M4 7.5h16v1.5H4z\"><\/path><path d=\"M4 15h16v1.5H4z\"><\/path><\/svg><\/button>\n\t\t\t\t<div class=\"wp-block-navigation__responsive-container\"  id=\"modal-1\" \n\t\t\t\tdata-wp-class--has-modal-open=\"state.isMenuOpen\"\n\t\t\t\tdata-wp-class--is-menu-open=\"state.isMenuOpen\"\n\t\t\t\tdata-wp-watch=\"callbacks.initMenu\"\n\t\t\t\tdata-wp-on--keydown=\"actions.handleMenuKeydown\"\n\t\t\t\tdata-wp-on--focusout=\"actions.handleMenuFocusout\"\n\t\t\t\ttabindex=\"-1\"\n\t\t\t>\n\t\t\t\t\t<div class=\"wp-block-navigation__responsive-close\" tabindex=\"-1\">\n\t\t\t\t\t\t<div class=\"wp-block-navigation__responsive-dialog\" \n\t\t\t\tdata-wp-bind--aria-modal=\"state.ariaModal\"\n\t\t\t\tdata-wp-bind--aria-label=\"state.ariaLabel\"\n\t\t\t\tdata-wp-bind--role=\"state.roleAttribute\"\n\t\t\t>\n\t\t\t\t\t\t\t<button aria-label=\"Close menu\" class=\"wp-block-navigation__responsive-container-close\" \n\t\t\t\tdata-wp-on--click=\"actions.closeMenuOnClick\"\n\t\t\t><svg xmlns=\"http:\/\/www.w3.org\/2000\/svg\" viewbox=\"0 0 24 24\" width=\"24\" height=\"24\" aria-hidden=\"true\" focusable=\"false\"><path d=\"m13.06 12 6.47-6.47-1.06-1.06L12 10.94 5.53 4.47 4.47 5.53 10.94 12l-6.47 6.47 1.06 1.06L12 13.06l6.47 6.47 1.06-1.06L13.06 12Z\"><\/path><\/svg><\/button>\n\t\t\t\t\t\t\t<div class=\"wp-block-navigation__responsive-container-content\" \n\t\t\t\tdata-wp-watch=\"callbacks.focusFirstElement\"\n\t\t\t id=\"modal-1-content\">\n\t\t\t\t\t\t\t\t<ul class=\"wp-block-navigation__container has-text-color has-white-color is-responsive items-justified-right wp-block-navigation\"><li class=\"wp-block-navigation-item  menu-item menu-item-type-post_type menu-item-object-page menu-item-home wp-block-navigation-link\"><a class=\"wp-block-navigation-item__content\"  href=\"https:\/\/www.sfucolombia.org\/en\/\" title=\"\"><span class=\"wp-block-navigation-item__label\">Home<\/span><\/a><\/li><\/ul><ul class=\"wp-block-navigation__container has-text-color has-white-color is-responsive items-justified-right wp-block-navigation\"><li class=\"wp-block-navigation-item  menu-item menu-item-type-custom menu-item-object-custom wp-block-navigation-link\"><a class=\"wp-block-navigation-item__content\"  href=\"#\" title=\"\"><span class=\"wp-block-navigation-item__label\">Pages<\/span><\/a><\/li><li class=\"wp-block-navigation-item  menu-item menu-item-type-post_type menu-item-object-page wp-block-navigation-link\"><a class=\"wp-block-navigation-item__content\"  href=\"https:\/\/www.sfucolombia.org\/en\/contact\/\" title=\"\"><span class=\"wp-block-navigation-item__label\">Contact<\/span><\/a><\/li><\/ul>\n\t\t\t\t\t\t\t<\/div>\n\t\t\t\t\t\t<\/div>\n\t\t\t\t\t<\/div>\n\t\t\t\t<\/div><\/nav><\/div>\n\n\n\n<div style=\"height:33vw\" aria-hidden=\"true\" class=\"wp-block-spacer\"><\/div>\n<\/div><\/div>\n<\/div><\/div>\n\n\n\n<h2 class=\"wp-block-heading\">Fundamental axes SFU<\/h2>\n\n\n\n<h2 class=\"wp-block-heading\">SPORTS<\/h2>\n\n\n\n<p>Conflict resolution and resilience<br>Football for good decisions<br>Healthy lifestyle habits<\/p>\n\n\n\n<h2 class=\"wp-block-heading\">PSICOSICIAL<\/h2>\n\n\n\n<p>Prevention and mitigation of drugs and crime<br>Civic education <br>Principles and values<\/p>\n\n\n\n<h2 class=\"wp-block-heading\">Socio-CULTURAL<\/h2>\n\n\n\n<p>Experiential learning<br>Exploration of art and culture<\/p>\n\n\n\n<h2 class=\"wp-block-heading\">EDUCATION<\/h2>\n\n\n\n<p>Learning a second language<br>Training skills for life<\/p>\n\n\n\n<figure class=\"wp-block-image\"><img decoding=\"async\" src=\"https:\/\/www.sfucolombia.org\/wp-content\/uploads\/2022\/11\/principles.png\" alt=\"\"\/><\/figure>\n\n\n\n<h1 class=\"wp-block-heading\"><a href=\"https:\/\/www.sfucolombia.org\/en\/blog\/\">Blog<\/a><\/h1>\n\n\n\n<h1 class=\"wp-block-heading\">Get to know us<\/h1>\n\n\n\n<h2 class=\"wp-block-heading\">Venues Foundation South Fork United<\/h2>\n\n\n\n<ul class=\"wp-block-list\">\n<li>Synthetic pitch Solferino<\/li>\n\n\n\n<li>Court San Jose<\/li>\n\n\n\n<li>Pitch the Arenillo<\/li>\n\n\n\n<li>Court Sandy<\/li>\n\n\n\n<li>Silk Barrios Unidos<\/li>\n<\/ul>\n\n\n\n<h2 class=\"wp-block-heading\">Tournaments International female<\/h2>\n\n\n\n<h2 class=\"wp-block-heading\">Tercera versi\u00f3n<br>Del 5 al 12 de Julio 2022<\/h2>\n\n\n\n<p class=\"has-text-align-left\">In the Foundation&#039;s South Fork United Colombia, we set out to promote, promote and to recognize the role of women in football. To do this we invite you to the 3rd version of the International tournament Feminine, which will take place in the city of Manizales, from 5 July to 12 July 2022.<\/p>\n\n\n\n<p><a href=\"https:\/\/www.sfucolombia.org\/en\/femenino-2021\/\"><br>Ver mas&#8230;<br><\/a><\/p>","protected":false},"excerpt":{"rendered":"<p>Ejes fundamentales SFU DEPORTIVO Resoluci\u00f3n de conflictos y resilienciaF\u00fatbol para las buenas decisionesH\u00e1bitos de vida saludable PSICOSICIAL Prevenci\u00f3n y mitigaci\u00f3n de drogas y crimenFormaci\u00f3n ciudadana Principios y valores SOCIOCULTURAL Aprendizaje experiencialExploraci\u00f3n del arte y la cultura EDUCATIVO Aprendizaje de una segunda lenguaFormaci\u00f3n de habilidades para la vida Blog Conocenos Sedes Fundaci\u00f3n South Fork United Torneos&#8230;<\/p>","protected":false},"author":1,"featured_media":0,"parent":0,"menu_order":0,"comment_status":"closed","ping_status":"closed","template":"","meta":{"give_campaign_id":0,"_editorskit_title_hidden":false,"_editorskit_reading_time":0,"_editorskit_is_block_options_detached":false,"_editorskit_block_options_position":"{}","_coblocks_attr":"","_coblocks_dimensions":"","_coblocks_responsive_height":"","_coblocks_accordion_ie_support":"","_themeisle_gutenberg_block_has_review":false,"_kadence_starter_templates_imported_post":false,"_kad_post_transparent":"default","_kad_post_title":"default","_kad_post_layout":"default","_kad_post_sidebar_id":"","_kad_post_content_style":"default","_kad_post_vertical_padding":"default","_kad_post_feature":"","_kad_post_feature_position":"","_kad_post_header":false,"_kad_post_footer":false,"_kad_post_classname":"","footnotes":""},"class_list":["post-98","page","type-page","status-publish","hentry"],"campaignId":"","_links":{"self":[{"href":"https:\/\/www.sfucolombia.org\/en\/wp-json\/wp\/v2\/pages\/98","targetHints":{"allow":["GET"]}}],"collection":[{"href":"https:\/\/www.sfucolombia.org\/en\/wp-json\/wp\/v2\/pages"}],"about":[{"href":"https:\/\/www.sfucolombia.org\/en\/wp-json\/wp\/v2\/types\/page"}],"author":[{"embeddable":true,"href":"https:\/\/www.sfucolombia.org\/en\/wp-json\/wp\/v2\/users\/1"}],"replies":[{"embeddable":true,"href":"https:\/\/www.sfucolombia.org\/en\/wp-json\/wp\/v2\/comments?post=98"}],"version-history":[{"count":1087,"href":"https:\/\/www.sfucolombia.org\/en\/wp-json\/wp\/v2\/pages\/98\/revisions"}],"predecessor-version":[{"id":6394,"href":"https:\/\/www.sfucolombia.org\/en\/wp-json\/wp\/v2\/pages\/98\/revisions\/6394"}],"wp:attachment":[{"href":"https:\/\/www.sfucolombia.org\/en\/wp-json\/wp\/v2\/media?parent=98"}],"curies":[{"name":"wp","href":"https:\/\/api.w.org\/{rel}","templated":true}]}}