{"id":6984,"date":"2024-02-08T17:52:40","date_gmt":"2024-02-08T22:52:40","guid":{"rendered":"https:\/\/www.sfucolombia.org\/?page_id=6984"},"modified":"2024-05-01T18:33:34","modified_gmt":"2024-05-01T23:33:34","slug":"formulario-colaboraciones-sembrar","status":"publish","type":"page","link":"https:\/\/www.sfucolombia.org\/en\/formulario-colaboraciones-sembrar\/","title":{"rendered":"Formulario colaboraciones sembrar"},"content":{"rendered":"<h2 class=\"wp-block-heading\">Ayudanos a Sembrar para Avanzar<\/h2>\n\n\n\n<p>Llena el formulario en caso de que desees manifestar ayuda de una forma distinta a aportes econ\u00f3micos, como puedan ser alianzas, donaciones de insumos deportivos, alimentos, etc.<\/p>\n\n\n\n<p>Para aportes econ\u00f3micos <a href=\"https:\/\/www.sfucolombia.org\/en\/donaciones\/\" class=\"ek-link\">haz click aqu\u00ed.<\/a><\/p>\n\n\n\n<div class=\"wpcf7 no-js\" id=\"wpcf7-f7083-o1\" lang=\"es-ES\" dir=\"ltr\" data-wpcf7-id=\"7083\">\n<div class=\"screen-reader-response\"><p role=\"status\" aria-live=\"polite\" aria-atomic=\"true\"><\/p> <ul><\/ul><\/div>\n<form action=\"\/en\/wp-json\/wp\/v2\/pages\/6984#wpcf7-f7083-o1\" method=\"post\" class=\"wpcf7-form init\" aria-label=\"Formulario de contacto\" novalidate=\"novalidate\" data-status=\"init\" data-trp-original-action=\"\/en\/wp-json\/wp\/v2\/pages\/6984#wpcf7-f7083-o1\">\n<fieldset class=\"hidden-fields-container\"><input type=\"hidden\" name=\"_wpcf7\" value=\"7083\" \/><input type=\"hidden\" name=\"_wpcf7_version\" value=\"6.1.5\" \/><input type=\"hidden\" name=\"_wpcf7_locale\" value=\"es_ES\" \/><input type=\"hidden\" name=\"_wpcf7_unit_tag\" value=\"wpcf7-f7083-o1\" \/><input type=\"hidden\" name=\"_wpcf7_container_post\" value=\"0\" \/><input type=\"hidden\" name=\"_wpcf7_posted_data_hash\" value=\"\" \/><input type=\"hidden\" name=\"_wpcf7_recaptcha_response\" value=\"\" \/>\n<\/fieldset>\n<p><label> Name<br \/>\n<span class=\"wpcf7-form-control-wrap\" data-name=\"your-name\"><input size=\"40\" maxlength=\"400\" class=\"wpcf7-form-control wpcf7-text wpcf7-validates-as-required\" autocomplete=\"name\" aria-required=\"true\" aria-invalid=\"false\" value=\"\" type=\"text\" name=\"your-name\" \/><\/span> <\/label>\n<\/p>\n<p><label> E-mail<br \/>\n<span class=\"wpcf7-form-control-wrap\" data-name=\"your-email\"><input size=\"40\" maxlength=\"400\" class=\"wpcf7-form-control wpcf7-email wpcf7-validates-as-required wpcf7-text wpcf7-validates-as-email\" autocomplete=\"email\" aria-required=\"true\" aria-invalid=\"false\" value=\"\" type=\"email\" name=\"your-email\" \/><\/span> <\/label>\n<\/p>\n<p><label> Celular o WhatsApp<br \/>\n<span class=\"wpcf7-form-control-wrap\" data-name=\"tel-695\"><input size=\"40\" maxlength=\"400\" class=\"wpcf7-form-control wpcf7-tel wpcf7-validates-as-required wpcf7-text wpcf7-validates-as-tel\" aria-required=\"true\" aria-invalid=\"false\" value=\"\" type=\"tel\" name=\"tel-695\" \/><\/span> <\/label>\n<\/p>\n<p><label> Organizaci\u00f3n que representa (opcional)<br \/>\n<span class=\"wpcf7-form-control-wrap\" data-name=\"your-message\"><textarea cols=\"40\" rows=\"10\" maxlength=\"2000\" class=\"wpcf7-form-control wpcf7-textarea\" aria-invalid=\"false\" name=\"your-message\"><\/textarea><\/span> <\/label>\n<\/p>\n<p><label> Message<br \/>\n<span class=\"wpcf7-form-control-wrap\" data-name=\"your-message\"><textarea cols=\"40\" rows=\"10\" maxlength=\"2000\" class=\"wpcf7-form-control wpcf7-textarea wpcf7-validates-as-required\" aria-required=\"true\" aria-invalid=\"false\" name=\"your-message\"><\/textarea><\/span> <\/label>\n<\/p>\n<p>Recuerde incluir el tipo de aporte e informaci\u00f3n relevante como cantidad, requerimientos, si debemos encargarnos de los env\u00edos, etc.\n<\/p>\n<p><input class=\"wpcf7-form-control wpcf7-submit has-spinner\" type=\"submit\" value=\"Send\" \/>\n<\/p>\n<p>Al oprimir enviar usted comprende que su informaci\u00f3n de contacto se almacenar\u00e1 con nosotros y ser\u00e1 usada exclusivamente con prop\u00f3sitos de comunicaci\u00f3n.\n<\/p><p style=\"display: none !important;\" class=\"akismet-fields-container\" data-prefix=\"_wpcf7_ak_\"><label>&#916;<textarea name=\"_wpcf7_ak_hp_textarea\" cols=\"45\" rows=\"8\" maxlength=\"100\"><\/textarea><\/label><input type=\"hidden\" id=\"ak_js_1\" name=\"_wpcf7_ak_js\" value=\"168\"\/><script>document.getElementById( \"ak_js_1\" ).setAttribute( \"value\", ( new Date() ).getTime() );<\/script><\/p><div class=\"wpcf7-response-output\" aria-hidden=\"true\"><\/div>\n<input type=\"hidden\" name=\"trp-form-language\" value=\"en\"\/><\/form>\n<\/div>","protected":false},"excerpt":{"rendered":"<p>Ayudanos a Sembrar para Avanzar Llena el formulario en caso de que desees manifestar ayuda de una forma distinta a aportes econ\u00f3micos, como puedan ser alianzas, donaciones de insumos deportivos, alimentos, etc. Para aportes econ\u00f3micos haz click aqu\u00ed.<\/p>","protected":false},"author":15,"featured_media":0,"parent":0,"menu_order":0,"comment_status":"closed","ping_status":"closed","template":"","meta":{"give_campaign_id":0,"_editorskit_title_hidden":false,"_editorskit_reading_time":0,"_editorskit_is_block_options_detached":false,"_editorskit_block_options_position":"{}","_coblocks_attr":"","_coblocks_dimensions":"","_coblocks_responsive_height":"","_coblocks_accordion_ie_support":"","_themeisle_gutenberg_block_has_review":false,"_kadence_starter_templates_imported_post":false,"_kad_post_transparent":"disable","_kad_post_title":"","_kad_post_layout":"narrow","_kad_post_sidebar_id":"","_kad_post_content_style":"","_kad_post_vertical_padding":"","_kad_post_feature":"","_kad_post_feature_position":"","_kad_post_header":false,"_kad_post_footer":false,"_kad_post_classname":"","footnotes":""},"class_list":["post-6984","page","type-page","status-publish","hentry"],"campaignId":"","_links":{"self":[{"href":"https:\/\/www.sfucolombia.org\/en\/wp-json\/wp\/v2\/pages\/6984","targetHints":{"allow":["GET"]}}],"collection":[{"href":"https:\/\/www.sfucolombia.org\/en\/wp-json\/wp\/v2\/pages"}],"about":[{"href":"https:\/\/www.sfucolombia.org\/en\/wp-json\/wp\/v2\/types\/page"}],"author":[{"embeddable":true,"href":"https:\/\/www.sfucolombia.org\/en\/wp-json\/wp\/v2\/users\/15"}],"replies":[{"embeddable":true,"href":"https:\/\/www.sfucolombia.org\/en\/wp-json\/wp\/v2\/comments?post=6984"}],"version-history":[{"count":4,"href":"https:\/\/www.sfucolombia.org\/en\/wp-json\/wp\/v2\/pages\/6984\/revisions"}],"predecessor-version":[{"id":7085,"href":"https:\/\/www.sfucolombia.org\/en\/wp-json\/wp\/v2\/pages\/6984\/revisions\/7085"}],"wp:attachment":[{"href":"https:\/\/www.sfucolombia.org\/en\/wp-json\/wp\/v2\/media?parent=6984"}],"curies":[{"name":"wp","href":"https:\/\/api.w.org\/{rel}","templated":true}]}}