{"id":5403,"date":"2021-04-12T16:06:11","date_gmt":"2021-04-12T21:06:11","guid":{"rendered":"https:\/\/www.sfucolombia.org\/?page_id=5403"},"modified":"2023-11-22T20:09:49","modified_gmt":"2023-11-23T01:09:49","slug":"torneo-internacional-femenino","status":"publish","type":"page","link":"https:\/\/www.sfucolombia.org\/en\/torneo-internacional-femenino\/","title":{"rendered":"International Feminine Tournament"},"content":{"rendered":"<div class=\"gb-container gb-container-4b01df6b\">\n<div class=\"gb-container gb-container-ce43bd80\">\n\n<div class=\"wp-block-columns is-layout-flex wp-container-core-columns-is-layout-2a0887dc wp-block-columns-is-layout-flex\" style=\"padding-top:var(--wp--preset--spacing--80);padding-right:var(--wp--preset--spacing--80);padding-bottom:var(--wp--preset--spacing--80);padding-left:var(--wp--preset--spacing--80)\">\n<div class=\"wp-block-column is-layout-flow wp-block-column-is-layout-flow\">\n<figure class=\"wp-block-image size-full is-resized\"><img loading=\"lazy\" decoding=\"async\" width=\"808\" height=\"763\" src=\"https:\/\/www.sfucolombia.org\/wp-content\/uploads\/2023\/11\/TIF-pink-logo.png\" alt=\"\" class=\"wp-image-6752\" style=\"width:400px\" srcset=\"https:\/\/www.sfucolombia.org\/wp-content\/uploads\/2023\/11\/TIF-pink-logo.png 808w, https:\/\/www.sfucolombia.org\/wp-content\/uploads\/2023\/11\/TIF-pink-logo-300x283.png 300w, https:\/\/www.sfucolombia.org\/wp-content\/uploads\/2023\/11\/TIF-pink-logo-635x600.png 635w, https:\/\/www.sfucolombia.org\/wp-content\/uploads\/2023\/11\/TIF-pink-logo-768x725.png 768w, https:\/\/www.sfucolombia.org\/wp-content\/uploads\/2023\/11\/TIF-pink-logo-13x12.png 13w\" sizes=\"auto, (max-width: 808px) 100vw, 808px\" \/><\/figure>\n<\/div>\n\n\n\n<div class=\"wp-block-column is-layout-flow wp-block-column-is-layout-flow\">\n<figure class=\"wp-block-image size-full is-resized\"><img loading=\"lazy\" decoding=\"async\" width=\"731\" height=\"651\" src=\"https:\/\/www.sfucolombia.org\/wp-content\/uploads\/2023\/11\/tif-el-futuro-dfel-futbol.png\" alt=\"\" class=\"wp-image-6753\" style=\"width:400px\" srcset=\"https:\/\/www.sfucolombia.org\/wp-content\/uploads\/2023\/11\/tif-el-futuro-dfel-futbol.png 731w, https:\/\/www.sfucolombia.org\/wp-content\/uploads\/2023\/11\/tif-el-futuro-dfel-futbol-300x267.png 300w, https:\/\/www.sfucolombia.org\/wp-content\/uploads\/2023\/11\/tif-el-futuro-dfel-futbol-674x600.png 674w, https:\/\/www.sfucolombia.org\/wp-content\/uploads\/2023\/11\/tif-el-futuro-dfel-futbol-13x12.png 13w\" sizes=\"auto, (max-width: 731px) 100vw, 731px\" \/><\/figure>\n<\/div>\n<\/div>\n\n<\/div>\n<\/div>\n\n\n<div class=\"wp-block-columns is-layout-flex wp-container-core-columns-is-layout-9d6595d7 wp-block-columns-is-layout-flex\">\n<div class=\"wp-block-column is-layout-flow wp-block-column-is-layout-flow\" style=\"padding-top:0;padding-right:var(--wp--preset--spacing--80);padding-bottom:0;padding-left:var(--wp--preset--spacing--80);flex-basis:100%\">\n<h2 class=\"wp-block-heading\">INTERNATIONAL FEMININE TOURNAMENT<\/h2>\n\n\n\n<p class=\"has-theme-palette-3-color has-text-color has-link-color wp-elements-92f0fd2a02b96f260580675eba21e851\">In the Foundation South Fork United Colombia, we set out to promote and to recognize the role of women in soccer. To do this every year we extend an open invitation to the tournament, in the city of Manizales, during the month of July.<\/p>\n\n\n\n<p class=\"has-theme-palette-3-color has-text-color has-link-color wp-elements-379128864d7c5f94d23f5735932837aa\">We wait for hundreds of participants, from female soccer teams and delegtions, in the national and international level divided in 7 categories.<\/p>\n<\/div>\n<\/div>\n\n\n\n<div class=\"wp-block-columns is-layout-flex wp-container-core-columns-is-layout-9d6595d7 wp-block-columns-is-layout-flex\">\n<div class=\"wp-block-column is-layout-flow wp-block-column-is-layout-flow\" style=\"padding-top:var(--wp--preset--spacing--20);padding-right:var(--wp--preset--spacing--80);padding-bottom:var(--wp--preset--spacing--20);padding-left:var(--wp--preset--spacing--80);flex-basis:100%\">\n<h2 class=\"wp-block-heading\">Event information<\/h2>\n\n\n\n<p class=\"has-theme-palette-3-color has-text-color has-link-color wp-elements-a8ee388514f3e3296d2bf8fc4e74cab7\">To see the updated information on the event please visit <strong><a href=\"http:\/\/soccerfem.co\" class=\"ek-link\">the website soccerfem.co<\/a><\/strong>where you can see the categories updated, photos, dates, and others, to be part of the future of women's football, or follow us on social networks: <a href=\"https:\/\/www.facebook.com\/Torneofemeninointernacional\/\" class=\"ek-link\"><strong>Facebook<\/strong><\/a> e <a href=\"https:\/\/www.instagram.com\/torneointernacionalfemenino\/\" class=\"ek-link\"><strong>Instagram<\/strong><\/a>.<\/p>\n\n\n\n<figure class=\"wp-block-image\"><img decoding=\"async\" src=\"https:\/\/www.sfucolombia.org\/wp-content\/uploads\/elementor\/thumbs\/players-scaled-p5ycoo94u21gheijjf689nzucaknajd2756gewbmze.jpg\" alt=\"Festival Internacional femenino jugadoras\" title=\"playersFestival International female 2021\"\/><\/figure>\n\n\n\n<figure class=\"wp-block-image\"><img decoding=\"async\" src=\"https:\/\/www.sfucolombia.org\/wp-content\/uploads\/elementor\/thumbs\/S-scaled-p5ycq30f33yxwcgtb1430b6qf3mgu6yke4eobu8dne.jpg\" alt=\"S\" title=\"S\"\/><\/figure>\n<\/div>\n<\/div>\n\n\n<div class=\"gb-container gb-container-691acb2b\">\n\n<div class=\"wp-block-columns is-layout-flex wp-container-core-columns-is-layout-9d6595d7 wp-block-columns-is-layout-flex\">\n<div class=\"wp-block-column is-layout-flow wp-block-column-is-layout-flow\" style=\"padding-top:var(--wp--preset--spacing--20);padding-right:var(--wp--preset--spacing--80);padding-bottom:var(--wp--preset--spacing--20);padding-left:var(--wp--preset--spacing--80);flex-basis:100%\">\n<h2 class=\"wp-block-heading\">The future of soccer is feminine<\/h2>\n\n\n\n<p class=\"has-theme-palette-3-color has-text-color has-link-color wp-elements-3e41e9015934c4e83d44a9504081744e\">Since the year 2019, the Foundation South Fork United Colombia created a sporting event with the goal of opening and promoting new areas of equality and equity for high competitive level women's soccer, in national and international levels.<\/p>\n\n\n\n<p class=\"has-text-align-center has-text-color has-link-color wp-elements-d444f74d5dc2c59758d5a3bea1c17326\" style=\"color:#ec0c87;font-size:24px\">What are you waiting for!<\/p>\n\n\n<div class=\"wp-block-image\">\n<figure class=\"aligncenter size-large\"><img loading=\"lazy\" decoding=\"async\" width=\"450\" height=\"600\" src=\"https:\/\/www.sfucolombia.org\/wp-content\/uploads\/2023\/11\/amani-pink-450x600.png\" alt=\"\" class=\"wp-image-6758\" srcset=\"https:\/\/www.sfucolombia.org\/wp-content\/uploads\/2023\/11\/amani-pink-450x600.png 450w, https:\/\/www.sfucolombia.org\/wp-content\/uploads\/2023\/11\/amani-pink-225x300.png 225w, https:\/\/www.sfucolombia.org\/wp-content\/uploads\/2023\/11\/amani-pink-768x1024.png 768w, https:\/\/www.sfucolombia.org\/wp-content\/uploads\/2023\/11\/amani-pink-9x12.png 9w, https:\/\/www.sfucolombia.org\/wp-content\/uploads\/2023\/11\/amani-pink.png 930w\" sizes=\"auto, (max-width: 450px) 100vw, 450px\" \/><\/figure>\n<\/div><\/div>\n<\/div>\n\n<\/div>","protected":false},"excerpt":{"rendered":"<p>TORNEO INTERNACIONAL FEMENINO En la Fundaci\u00f3n South Fork United Colombia nos propusimos promover, promocionar y reconocer el papel de la mujer en el f\u00fatbol. Para ello los invitamos cada a\u00f1o en la ciudad de Manizales durante el mes de julio. Esperamos cientos de participantes por parte de las delegaciones deportivas, con equipos de f\u00fatbol femenino&#8230;<\/p>","protected":false},"author":1,"featured_media":0,"parent":0,"menu_order":0,"comment_status":"closed","ping_status":"closed","template":"","meta":{"give_campaign_id":0,"_editorskit_title_hidden":true,"_editorskit_reading_time":0,"_editorskit_is_block_options_detached":false,"_editorskit_block_options_position":"{}","_coblocks_attr":"","_coblocks_dimensions":"","_coblocks_responsive_height":"","_coblocks_accordion_ie_support":"","_themeisle_gutenberg_block_has_review":false,"_kadence_starter_templates_imported_post":false,"_kad_post_transparent":"disable","_kad_post_title":"","_kad_post_layout":"","_kad_post_sidebar_id":"","_kad_post_content_style":"","_kad_post_vertical_padding":"","_kad_post_feature":"","_kad_post_feature_position":"","_kad_post_header":false,"_kad_post_footer":false,"_kad_post_classname":"","footnotes":""},"class_list":["post-5403","page","type-page","status-publish","hentry"],"campaignId":"","_links":{"self":[{"href":"https:\/\/www.sfucolombia.org\/en\/wp-json\/wp\/v2\/pages\/5403","targetHints":{"allow":["GET"]}}],"collection":[{"href":"https:\/\/www.sfucolombia.org\/en\/wp-json\/wp\/v2\/pages"}],"about":[{"href":"https:\/\/www.sfucolombia.org\/en\/wp-json\/wp\/v2\/types\/page"}],"author":[{"embeddable":true,"href":"https:\/\/www.sfucolombia.org\/en\/wp-json\/wp\/v2\/users\/1"}],"replies":[{"embeddable":true,"href":"https:\/\/www.sfucolombia.org\/en\/wp-json\/wp\/v2\/comments?post=5403"}],"version-history":[{"count":81,"href":"https:\/\/www.sfucolombia.org\/en\/wp-json\/wp\/v2\/pages\/5403\/revisions"}],"predecessor-version":[{"id":6843,"href":"https:\/\/www.sfucolombia.org\/en\/wp-json\/wp\/v2\/pages\/5403\/revisions\/6843"}],"wp:attachment":[{"href":"https:\/\/www.sfucolombia.org\/en\/wp-json\/wp\/v2\/media?parent=5403"}],"curies":[{"name":"wp","href":"https:\/\/api.w.org\/{rel}","templated":true}]}}