{"id":3,"date":"2020-02-28T20:39:28","date_gmt":"2020-02-29T01:39:28","guid":{"rendered":"https:\/\/www.sfucolombia.org\/?page_id=3"},"modified":"2023-12-06T16:50:34","modified_gmt":"2023-12-06T21:50:34","slug":"politica-privacidad","status":"publish","type":"page","link":"https:\/\/www.sfucolombia.org\/en\/politica-privacidad\/","title":{"rendered":"PRIVACY POLICY"},"content":{"rendered":"<h1 class=\"wp-block-heading\"><strong>DATA CONTROLLER<\/strong><\/h1>\n\n\n\n<ul class=\"has-theme-palette-4-color has-text-color has-theme-palette4-color wp-block-list\">\n<li><strong>Identity<\/strong>: South Fork United (SFU)<\/li>\n\n\n\n<li><strong>Address<\/strong>: Carrera 11 # 57D-53 Carola \u2013 Manizales -Caldas<\/li>\n\n\n\n<li><strong>Phone<\/strong>: (+57) 3167260276<\/li>\n\n\n\n<li><strong>E-mail: <\/strong>contacto@sfucolombia.org<\/li>\n<\/ul>\n\n\n\n<p class=\"has-theme-palette-4-color has-text-color\">La presente p\u00e1gina describe la pol\u00edtica de privacidad del sitio web https:\/\/www.sfucolombia.org&nbsp;(en adelante \u201cSITIO WEB\u201d), del cual es titular SOUTH FORK UNITED (en adelante \u201cTITULAR\u201d). Al visitar y usar este SITIO WEB, el visitantes o usuario (en adelante \u201cUSUARIO\u201d) acepta esta pol\u00edtica de privacidad en su totalidad. La informaci\u00f3n y t\u00e9rminos de esta pol\u00edtica est\u00e1n sujetos a cambios en cualquier momento y se le recomienda al USUARIO visitar esta p\u00e1gina constantemente.<\/p>\n\n\n\n<p class=\"has-theme-palette-4-color has-text-color\">En est\u00e1 p\u00e1gina se describe a detalle la manera en que&nbsp; SOUTH FORK UNITED recopila, usa y protege los datos personales de los visitantes y usuarios del SITIO WEB.<\/p>\n\n\n\n<p class=\"has-theme-palette-4-color has-text-color\">SOUTH FORK UNITED is committed to the safety of the USER&#039;s personal data by adhering to all the terms of this privacy policy, which are detailed below:<\/p>\n\n\n\n<h3 class=\"wp-block-heading\">1.<b> WHAT KIND OF PERSONAL DATA DO WE COLLECT FROM OUR USERS?<\/b><\/h3>\n\n\n\n<ul class=\"has-theme-palette-4-color has-text-color has-theme-palette4-color wp-block-list\">\n<li>Name and e-mail.<\/li>\n\n\n\n<li>Address, city and country.<\/li>\n<\/ul>\n\n\n\n<h3 class=\"wp-block-heading\">2. <b>WHEN AND HOW PERSONAL DATA IS COLLECTED?<\/b><\/h3>\n\n\n\n<ul class=\"has-theme-palette-4-color has-text-color has-theme-palette4-color wp-block-list\">\n<li>When the USER registers on the WEBSITE or fill out a contact form or newsletter subscription, you authorize us to collect your name and e-mail.<\/li>\n\n\n\n<li>When the USER makes a DONATION on the WEBSITE, you must fill out a form with your telephone number, address, city and country.<\/li>\n<\/ul>\n\n\n<div class=\"gb-container gb-container-152519f5\">\n\n<h3 class=\"wp-block-heading\">3. <b>WHAT GIVES THE HOLDER OF THE PERSONAL DATA OF THE USER?<\/b><\/h3>\n\n<\/div>\n\n\n<ul class=\"has-theme-palette-4-color has-text-color has-theme-palette4-color wp-block-list\">\n<li>The OWNER collects personal data with the aim of being able to provide the USER with information related to your personal interests and\/or information related to the products or services of interest to the USER.<\/li>\n\n\n\n<li>The OWNER send communications to you via email with important messages about the account of the user, their orders, and promotional emails for products and services of the WEBSITE.<\/li>\n\n\n\n<li>THE HOLDER uses the data such as telephone, address, city, and country to send physical products to the USER by means of a logistics company.<\/li>\n\n\n\n<li>The HOLDER uses the data such as the name and email to deliver a personalized experience to the USER on the WEB SITE.<\/li>\n<\/ul>\n\n\n\n<h3 class=\"wp-block-heading\">4. <b>\u00bfC\u00d3MO PROTEGEMOS LA INFORMACI\u00d3N DEL USUARIO<\/b><\/h3>\n\n\n\n<ul class=\"has-theme-palette-4-color has-text-color has-theme-palette4-color wp-block-list\">\n<li>In no time, the OWNER would share or transfer the USER&#039;s personal data with third parties, except in those cases that the law requires it.<\/li>\n\n\n\n<li>The user&#039;s personal data is stored on the servers of the WEB SITE, which are free of viruses, protected with a firewall and monitored by professionals.<\/li>\n\n\n\n<li>In the fortuitous event of a hack or theft of the personal information of the USER, the OWNER will notify the USER immediately via e-mail and will notify the relevant authorities to achieve minimize the negative impact of place.<\/li>\n<\/ul>\n\n\n\n<h3 class=\"wp-block-heading\">5. <b>HOW TO UPDATE OR DELETE YOUR PERSONAL INFORMATION?<\/b><\/h3>\n\n\n\n<ul class=\"has-theme-palette-4-color has-text-color has-theme-palette4-color wp-block-list\">\n<li>At any time the USER can request an update, or deletion of the personal data stored on the web site, by sending an e-mail or by filling out the contact form on the WEBSITE.<\/li>\n\n\n\n<li>El USUARIO tambi\u00e9n podr\u00e1 cancelar la suscripci\u00f3n en cualquier momento de las comunicaciones por email haciendo clic en el link de \u201ccancelar la suscripci\u00f3n\u201d ubicado al final de los correos.<\/li>\n<\/ul>\n\n\n\n<h3 class=\"wp-block-heading\">6. <b>THIRD-PARTY LINKS<\/b><\/h3>\n\n\n\n<p class=\"has-theme-palette-4-color has-text-color\">The WEBSITE includes links to third party websites, and the OWNER will not be responsible of any direct or indirect result arising from the visit to such external sites. It is recommended that the USER read the privacy policies and the terms and conditions of the external web pages.<\/p>\n\n\n\n<h3 class=\"wp-block-heading\">7. <b>PAYMENT GATEWAYS AND FINANCIAL INFORMATION<\/b><\/h3>\n\n\n\n<p class=\"has-theme-palette-4-color has-text-color\">El SITIO WEB hace uso de pasarelas de pago externas como PayPal para procesar las donaciones. <strong>La informaci\u00f3n financiera<\/strong> <strong>no ser\u00e1 almacenada en los servidores del SITIO WEB<\/strong> sino que ser\u00e1 almacenada en los servidores de las pasarelas de pago externas y esa informaci\u00f3n ser\u00e1 guardada y protegida seg\u00fan las pol\u00edticas de las pasarelas de pago.<\/p>\n\n\n\n<p class=\"has-theme-palette-4-color has-text-color\"><a aria-label=\" (opens in a new tab)\" href=\"https:\/\/www.paypal.com\/es\/cshelp\/article\/%C2%BFcu%C3%A1l-es-la-pol%C3%ADtica-de-paypal-sobre-la-privacidad-y-c%C3%B3mo-se-aplica-la-declaraci%C3%B3n-de-privacidad-help330\" target=\"_blank\" rel=\"noreferrer noopener\" class=\"ek-link\">Ver las Pol\u00edticas de privacidad de PayPal<\/a><\/p>\n\n\n\n<h3 class=\"wp-block-heading\"><b>8. COOKIES<\/b><\/h3>\n\n\n\n<p class=\"has-theme-palette-4-color has-text-color\">In simple terms, cookies are files pertaining to the WEBSITE or the programs and third party websites that are recorded in the user&#039;s browser and allow the OWNER to know things like how much time the USER spends on the WEBSITE, what pages you visit, what country it is, which device you have, etc.. etc.. the cookies may also allow the OWNER to customize the USER experience as, for example, to remember your password to log on, to show your name and details in the account of the USER, etc.. etc...<\/p>\n\n\n\n<p class=\"has-theme-palette-4-color has-text-color\">You can at any time delete all cookies from your browser, or you can visit our web site at session unknown so that cookies are not recorded in your browser. The fact that you delete the cookies or browsing session unknown can negatively affect your experience at the WEB SITE as we may not be able to customize your experience.<\/p>\n\n\n\n<h3 class=\"wp-block-heading\"><b>9. THIRD PARTY COOKIES:<\/b><\/h3>\n\n\n\n<p class=\"has-theme-palette-4-color has-text-color\">Google Analytics: The OWNER uses Google Analytics to track the behavior of USERS on the WEBSITE and create a demographic profile with a view to optimisation and good performance of the WEB SITE in general.<\/p>\n\n\n\n<p><a href=\"https:\/\/support.google.com\/analytics\/answer\/6004245?hl=es\" target=\"_blank\" rel=\"noopener nofollow noreferrer\">See the protection policy of Google Analytics data, and general information<\/a><\/p>\n\n\n\n<p class=\"has-theme-palette-4-color has-text-color\">Facebook Ads: The OWNER makes advertising campaigns on the platform of Facebook Ads, which inserts certain cookies on the browser of the USER with the aim of showing you advertisements relevant and interesting.<\/p>\n\n\n\n<p class=\"has-theme-palette-4-color has-text-color\">Cookie policy of Facebook Ads:&nbsp;<a href=\"https:\/\/web.facebook.com\/policy\/cookies\/?_rdc=1&amp;_rdr\" target=\"_blank\" rel=\"noopener nofollow noreferrer\">https:\/\/web.facebook.com\/policy\/cookies\/?_rdc=1&amp;_rdr<\/a><\/p>\n\n\n\n<p class=\"has-theme-palette-4-color has-text-color\">Google Ads: The OWNER makes advertising campaigns on the platform of Google Ads, which inserts certain cookies on the browser of the USER with the aim of showing you advertisements relevant and interesting.<\/p>\n\n\n\n<p class=\"has-theme-palette-4-color has-text-color\">Privacy and conditions of Google advertising:<br><a href=\"https:\/\/policies.google.com\/technologies\/ads?hl=es\" target=\"_blank\" rel=\"noopener nofollow noreferrer\">https:\/\/policies.google.com\/technologies\/ads?hl=es<\/a><\/p>\n\n\n\n<p class=\"has-theme-palette-4-color has-text-color\">Settings page of Google advertising:<br><a href=\"http:\/\/www.google.com\/settings\/ads\" target=\"_blank\" rel=\"noopener nofollow noreferrer\">http:\/\/www.google.com\/settings\/ads<\/a><\/p>\n\n\n\n<p><a href=\"http:\/\/www.networkadvertising.org\/managing\/opt_out.asp\" target=\"_blank\" rel=\"noopener nofollow noreferrer\">Click here to delete the cookies of Google marketing and other advertising networks:<\/a><\/p>","protected":false},"excerpt":{"rendered":"<p>DATOS DEL RESPONSABLE DEL FICHERO La presente p\u00e1gina describe la pol\u00edtica de privacidad del sitio web https:\/\/www.sfucolombia.org&nbsp;(en adelante \u201cSITIO WEB\u201d), del cual es titular SOUTH FORK UNITED (en adelante \u201cTITULAR\u201d). Al visitar y usar este SITIO WEB, el visitantes o usuario (en adelante \u201cUSUARIO\u201d) acepta esta pol\u00edtica de privacidad en su totalidad. La informaci\u00f3n y&#8230;<\/p>","protected":false},"author":1,"featured_media":0,"parent":0,"menu_order":0,"comment_status":"closed","ping_status":"closed","template":"","meta":{"give_campaign_id":0,"_editorskit_title_hidden":true,"_editorskit_reading_time":0,"_editorskit_is_block_options_detached":false,"_editorskit_block_options_position":"{}","_coblocks_attr":"","_coblocks_dimensions":"","_coblocks_responsive_height":"","_coblocks_accordion_ie_support":"","_themeisle_gutenberg_block_has_review":false,"_kadence_starter_templates_imported_post":false,"_kad_post_transparent":"enable","_kad_post_title":"show","_kad_post_layout":"narrow","_kad_post_sidebar_id":"","_kad_post_content_style":"boxed","_kad_post_vertical_padding":"show","_kad_post_feature":"show","_kad_post_feature_position":"","_kad_post_header":false,"_kad_post_footer":false,"_kad_post_classname":"","footnotes":""},"class_list":["post-3","page","type-page","status-publish","hentry"],"campaignId":"","_links":{"self":[{"href":"https:\/\/www.sfucolombia.org\/en\/wp-json\/wp\/v2\/pages\/3","targetHints":{"allow":["GET"]}}],"collection":[{"href":"https:\/\/www.sfucolombia.org\/en\/wp-json\/wp\/v2\/pages"}],"about":[{"href":"https:\/\/www.sfucolombia.org\/en\/wp-json\/wp\/v2\/types\/page"}],"author":[{"embeddable":true,"href":"https:\/\/www.sfucolombia.org\/en\/wp-json\/wp\/v2\/users\/1"}],"replies":[{"embeddable":true,"href":"https:\/\/www.sfucolombia.org\/en\/wp-json\/wp\/v2\/comments?post=3"}],"version-history":[{"count":34,"href":"https:\/\/www.sfucolombia.org\/en\/wp-json\/wp\/v2\/pages\/3\/revisions"}],"predecessor-version":[{"id":6952,"href":"https:\/\/www.sfucolombia.org\/en\/wp-json\/wp\/v2\/pages\/3\/revisions\/6952"}],"wp:attachment":[{"href":"https:\/\/www.sfucolombia.org\/en\/wp-json\/wp\/v2\/media?parent=3"}],"curies":[{"name":"wp","href":"https:\/\/api.w.org\/{rel}","templated":true}]}}